{"id":771,"date":"2025-09-24T12:34:47","date_gmt":"2025-09-24T17:34:47","guid":{"rendered":"https:\/\/ecohotelriodeoro.com\/web\/?page_id=771"},"modified":"2026-01-08T11:33:27","modified_gmt":"2026-01-08T16:33:27","slug":"nosotros","status":"publish","type":"page","link":"https:\/\/ecohotelriodeoro.com\/en\/nosotros\/","title":{"rendered":"NOSOTROS"},"content":{"rendered":"<div data-elementor-type=\"wp-page\" data-elementor-id=\"771\" class=\"elementor elementor-771\" data-elementor-post-type=\"page\">\n\t\t\t\t<div class=\"elementor-element elementor-element-246bf47 e-flex e-con-boxed e-con e-parent\" data-id=\"246bf47\" data-element_type=\"container\" data-e-type=\"container\" data-settings=\"{&quot;background_background&quot;:&quot;classic&quot;}\">\n\t\t\t\t\t<div class=\"e-con-inner\">\n\t\t\t\t<div class=\"elementor-element elementor-element-e60a8d7 elementor-widget elementor-widget-spacer\" data-id=\"e60a8d7\" data-element_type=\"widget\" data-e-type=\"widget\" data-widget_type=\"spacer.default\">\n\t\t\t\t<div class=\"elementor-widget-container\">\n\t\t\t\t\t\t\t<div class=\"elementor-spacer\">\n\t\t\t<div class=\"elementor-spacer-inner\"><\/div>\n\t\t<\/div>\n\t\t\t\t\t\t<\/div>\n\t\t\t\t<\/div>\n\t\t\t\t<div class=\"elementor-element elementor-element-7138916 elementor-widget elementor-widget-heading\" data-id=\"7138916\" data-element_type=\"widget\" data-e-type=\"widget\" data-widget_type=\"heading.default\">\n\t\t\t\t<div class=\"elementor-widget-container\">\n\t\t\t\t\t<h1 class=\"elementor-heading-title elementor-size-default\">Conoce la esencia de R\u00edo de Oro<\/h1>\t\t\t\t<\/div>\n\t\t\t\t<\/div>\n\t\t\t\t<div class=\"elementor-element elementor-element-24d9aad elementor-widget__width-initial elementor-widget elementor-widget-text-editor\" data-id=\"24d9aad\" data-element_type=\"widget\" data-e-type=\"widget\" data-widget_type=\"text-editor.default\">\n\t\t\t\t<div class=\"elementor-widget-container\">\n\t\t\t\t\t\t\t\t\t<p>En San Rafael, rodeado de monta\u00f1as verdes y aguas cristalinas, el <strong data-start=\"321\" data-end=\"344\">Ecohotel R\u00edo de Oro<\/strong> te invita a desconectarte del ruido y reconectarte con lo esencial: la naturaleza, el descanso y la tranquilidad<\/p>\t\t\t\t\t\t\t\t<\/div>\n\t\t\t\t<\/div>\n\t\t\t\t\t<\/div>\n\t\t\t\t<\/div>\n\t\t<div class=\"elementor-element elementor-element-1b200ed e-flex e-con-boxed e-con e-parent\" data-id=\"1b200ed\" data-element_type=\"container\" data-e-type=\"container\" data-settings=\"{&quot;background_background&quot;:&quot;classic&quot;}\">\n\t\t\t\t\t<div class=\"e-con-inner\">\n\t\t<div class=\"elementor-element elementor-element-16d3fe7 e-con-full e-flex e-con e-child\" data-id=\"16d3fe7\" data-element_type=\"container\" data-e-type=\"container\">\n\t\t\t\t<div class=\"elementor-element elementor-element-f03a19f elementor-widget elementor-widget-image\" data-id=\"f03a19f\" data-element_type=\"widget\" data-e-type=\"widget\" data-widget_type=\"image.default\">\n\t\t\t\t<div class=\"elementor-widget-container\">\n\t\t\t\t\t\t\t\t\t\t\t\t\t\t\t<img fetchpriority=\"high\" decoding=\"async\" width=\"800\" height=\"450\" src=\"https:\/\/ecohotelriodeoro.com\/web\/wp-content\/uploads\/2025\/11\/Diseno-sin-titulo-1024x576.png\" class=\"attachment-large size-large wp-image-1031\" alt=\"\" srcset=\"https:\/\/ecohotelriodeoro.com\/web\/wp-content\/uploads\/2025\/11\/Diseno-sin-titulo-300x169.png 300w, https:\/\/ecohotelriodeoro.com\/web\/wp-content\/uploads\/2025\/11\/Diseno-sin-titulo-768x432.png 768w, https:\/\/ecohotelriodeoro.com\/web\/wp-content\/uploads\/2025\/11\/Diseno-sin-titulo-1024x576.png 1024w, https:\/\/ecohotelriodeoro.com\/web\/wp-content\/uploads\/2025\/11\/Diseno-sin-titulo.png 1285w\" sizes=\"(max-width: 800px) 100vw, 800px\" \/>\t\t\t\t\t\t\t\t\t\t\t\t\t\t\t<\/div>\n\t\t\t\t<\/div>\n\t\t\t\t<\/div>\n\t\t<div class=\"elementor-element elementor-element-9215add e-con-full e-flex e-con e-child\" data-id=\"9215add\" data-element_type=\"container\" data-e-type=\"container\">\n\t\t\t\t<div class=\"elementor-element elementor-element-caa91dc elementor-widget elementor-widget-heading\" data-id=\"caa91dc\" data-element_type=\"widget\" data-e-type=\"widget\" data-widget_type=\"heading.default\">\n\t\t\t\t<div class=\"elementor-widget-container\">\n\t\t\t\t\t<h2 class=\"elementor-heading-title elementor-size-default\">Misi\u00f3n<\/h2>\t\t\t\t<\/div>\n\t\t\t\t<\/div>\n\t\t\t\t<div class=\"elementor-element elementor-element-1a609c8 elementor-widget elementor-widget-text-editor\" data-id=\"1a609c8\" data-element_type=\"widget\" data-e-type=\"widget\" data-widget_type=\"text-editor.default\">\n\t\t\t\t<div class=\"elementor-widget-container\">\n\t\t\t\t\t\t\t\t\t<p>Brindar experiencias de hospedaje sostenible que conecten a nuestros hu\u00e9spedes con la naturaleza de San Rafael, ofreciendo descanso, bienestar y hospitalidad aut\u00e9ntica, en un ambiente que promueve el respeto por el entorno y la cultura local.<\/p>\t\t\t\t\t\t\t\t<\/div>\n\t\t\t\t<\/div>\n\t\t\t\t<\/div>\n\t\t<div class=\"elementor-element elementor-element-9aa3e0e e-con-full e-flex e-con e-child\" data-id=\"9aa3e0e\" data-element_type=\"container\" data-e-type=\"container\">\n\t\t\t\t<div class=\"elementor-element elementor-element-9b7d87e elementor-widget elementor-widget-heading\" data-id=\"9b7d87e\" data-element_type=\"widget\" data-e-type=\"widget\" data-widget_type=\"heading.default\">\n\t\t\t\t<div class=\"elementor-widget-container\">\n\t\t\t\t\t<h2 class=\"elementor-heading-title elementor-size-default\">Visi\u00f3n<\/h2>\t\t\t\t<\/div>\n\t\t\t\t<\/div>\n\t\t\t\t<div class=\"elementor-element elementor-element-6b5c7ed elementor-widget elementor-widget-text-editor\" data-id=\"6b5c7ed\" data-element_type=\"widget\" data-e-type=\"widget\" data-widget_type=\"text-editor.default\">\n\t\t\t\t<div class=\"elementor-widget-container\">\n\t\t\t\t\t\t\t\t\t<p data-start=\"393\" data-end=\"677\">Ser reconocidos en el 2030 como el ecohotel referente de San Rafael por nuestra gesti\u00f3n ambiental, el confort de nuestras instalaciones y la calidez de nuestro servicio, consolid\u00e1ndonos como un destino obligado para quienes buscan armon\u00eda entre turismo, naturaleza y sostenibilidad.<\/p>\t\t\t\t\t\t\t\t<\/div>\n\t\t\t\t<\/div>\n\t\t\t\t<\/div>\n\t\t<div class=\"elementor-element elementor-element-a0b4949 e-con-full e-flex e-con e-child\" data-id=\"a0b4949\" data-element_type=\"container\" data-e-type=\"container\">\n\t\t\t\t<div class=\"elementor-element elementor-element-20b8a20 elementor-widget elementor-widget-image\" data-id=\"20b8a20\" data-element_type=\"widget\" data-e-type=\"widget\" data-widget_type=\"image.default\">\n\t\t\t\t<div class=\"elementor-widget-container\">\n\t\t\t\t\t\t\t\t\t\t\t\t\t\t\t<img decoding=\"async\" width=\"800\" height=\"450\" src=\"https:\/\/ecohotelriodeoro.com\/web\/wp-content\/uploads\/2025\/09\/FOTO-PARA-SOBRE-NOSOTROS-1-1024x576.jpg\" class=\"attachment-large size-large wp-image-794\" alt=\"\" srcset=\"https:\/\/ecohotelriodeoro.com\/web\/wp-content\/uploads\/2025\/09\/FOTO-PARA-SOBRE-NOSOTROS-1-300x169.jpg 300w, https:\/\/ecohotelriodeoro.com\/web\/wp-content\/uploads\/2025\/09\/FOTO-PARA-SOBRE-NOSOTROS-1-768x432.jpg 768w, https:\/\/ecohotelriodeoro.com\/web\/wp-content\/uploads\/2025\/09\/FOTO-PARA-SOBRE-NOSOTROS-1-1024x576.jpg 1024w, https:\/\/ecohotelriodeoro.com\/web\/wp-content\/uploads\/2025\/09\/FOTO-PARA-SOBRE-NOSOTROS-1-1536x864.jpg 1536w\" sizes=\"(max-width: 800px) 100vw, 800px\" \/>\t\t\t\t\t\t\t\t\t\t\t\t\t\t\t<\/div>\n\t\t\t\t<\/div>\n\t\t\t\t<\/div>\n\t\t\t\t\t<\/div>\n\t\t\t\t<\/div>\n\t\t<div class=\"elementor-element elementor-element-9b71155 e-flex e-con-boxed e-con e-parent\" data-id=\"9b71155\" data-element_type=\"container\" data-e-type=\"container\">\n\t\t\t\t\t<div class=\"e-con-inner\">\n\t\t<div class=\"elementor-element elementor-element-cb3b651 e-con-full e-flex e-con e-child\" data-id=\"cb3b651\" data-element_type=\"container\" data-e-type=\"container\">\n\t\t\t\t<div class=\"elementor-element elementor-element-c825333 elementor-widget elementor-widget-spacer\" data-id=\"c825333\" data-element_type=\"widget\" data-e-type=\"widget\" data-widget_type=\"spacer.default\">\n\t\t\t\t<div class=\"elementor-widget-container\">\n\t\t\t\t\t\t\t<div class=\"elementor-spacer\">\n\t\t\t<div class=\"elementor-spacer-inner\"><\/div>\n\t\t<\/div>\n\t\t\t\t\t\t<\/div>\n\t\t\t\t<\/div>\n\t\t\t\t<div class=\"elementor-element elementor-element-f48f4fe elementor-widget elementor-widget-heading\" data-id=\"f48f4fe\" data-element_type=\"widget\" data-e-type=\"widget\" data-widget_type=\"heading.default\">\n\t\t\t\t<div class=\"elementor-widget-container\">\n\t\t\t\t\t<h2 class=\"elementor-heading-title elementor-size-default\">Nuestra Historia<\/h2>\t\t\t\t<\/div>\n\t\t\t\t<\/div>\n\t\t\t\t<div class=\"elementor-element elementor-element-eba355a elementor-widget elementor-widget-text-editor\" data-id=\"eba355a\" data-element_type=\"widget\" data-e-type=\"widget\" data-widget_type=\"text-editor.default\">\n\t\t\t\t<div class=\"elementor-widget-container\">\n\t\t\t\t\t\t\t\t\t<p data-start=\"136\" data-end=\"477\">El <strong data-start=\"139\" data-end=\"162\">Ecohotel R\u00edo de Oro<\/strong> naci\u00f3 como un sue\u00f1o familiar inspirado en la riqueza natural de <strong data-start=\"227\" data-end=\"252\">San Rafael, Antioquia<\/strong>. Lo que comenz\u00f3 como un lugar de descanso junto al r\u00edo, poco a poco se transform\u00f3 en un espacio pensado para compartir con visitantes de todas partes del mundo la belleza de nuestras monta\u00f1as, cascadas y aguas cristalinas.<\/p><p data-start=\"479\" data-end=\"842\">Desde el inicio tuvimos claro que quer\u00edamos ofrecer algo m\u00e1s que alojamiento: una experiencia aut\u00e9ntica donde el contacto con la naturaleza, la tranquilidad y la calidez de nuestra gente fueran los protagonistas. Hoy, R\u00edo de Oro es un refugio que une tradici\u00f3n, sostenibilidad y hospitalidad para que cada hu\u00e9sped viva momentos \u00fanicos en armon\u00eda con el entorno.<\/p>\t\t\t\t\t\t\t\t<\/div>\n\t\t\t\t<\/div>\n\t\t\t\t<div class=\"elementor-element elementor-element-be739dd elementor-widget elementor-widget-spacer\" data-id=\"be739dd\" data-element_type=\"widget\" data-e-type=\"widget\" data-widget_type=\"spacer.default\">\n\t\t\t\t<div class=\"elementor-widget-container\">\n\t\t\t\t\t\t\t<div class=\"elementor-spacer\">\n\t\t\t<div class=\"elementor-spacer-inner\"><\/div>\n\t\t<\/div>\n\t\t\t\t\t\t<\/div>\n\t\t\t\t<\/div>\n\t\t\t\t<\/div>\n\t\t<div class=\"elementor-element elementor-element-ab6cde9 e-con-full e-flex e-con e-child\" data-id=\"ab6cde9\" data-element_type=\"container\" data-e-type=\"container\" data-settings=\"{&quot;background_background&quot;:&quot;classic&quot;}\">\n\t\t\t\t<div class=\"elementor-element elementor-element-02ed4e2 elementor-hidden-desktop elementor-hidden-tablet elementor-widget elementor-widget-spacer\" data-id=\"02ed4e2\" data-element_type=\"widget\" data-e-type=\"widget\" data-widget_type=\"spacer.default\">\n\t\t\t\t<div class=\"elementor-widget-container\">\n\t\t\t\t\t\t\t<div class=\"elementor-spacer\">\n\t\t\t<div class=\"elementor-spacer-inner\"><\/div>\n\t\t<\/div>\n\t\t\t\t\t\t<\/div>\n\t\t\t\t<\/div>\n\t\t\t\t<\/div>\n\t\t\t\t\t<\/div>\n\t\t\t\t<\/div>\n\t\t<div class=\"elementor-element elementor-element-32faa2d e-flex e-con-boxed e-con e-parent\" data-id=\"32faa2d\" data-element_type=\"container\" data-e-type=\"container\">\n\t\t\t\t\t<div class=\"e-con-inner\">\n\t\t\t\t<div class=\"elementor-element elementor-element-c20e89e elementor-widget-divider--view-line_text elementor-widget-divider--element-align-center elementor-widget elementor-widget-divider\" data-id=\"c20e89e\" data-element_type=\"widget\" data-e-type=\"widget\" data-widget_type=\"divider.default\">\n\t\t\t\t<div class=\"elementor-widget-container\">\n\t\t\t\t\t\t\t<div class=\"elementor-divider\">\n\t\t\t<span class=\"elementor-divider-separator\">\n\t\t\t\t\t\t\t<span class=\"elementor-divider__text elementor-divider__element\">\n\t\t\t\tValores Corporativos\t\t\t\t<\/span>\n\t\t\t\t\t\t<\/span>\n\t\t<\/div>\n\t\t\t\t\t\t<\/div>\n\t\t\t\t<\/div>\n\t\t\t\t\t<\/div>\n\t\t\t\t<\/div>\n\t\t<div class=\"elementor-element elementor-element-7645d0a e-flex e-con-boxed e-con e-parent\" data-id=\"7645d0a\" data-element_type=\"container\" data-e-type=\"container\">\n\t\t\t\t\t<div class=\"e-con-inner\">\n\t\t<div class=\"elementor-element elementor-element-92d9f36 e-con-full e-flex e-con e-child\" data-id=\"92d9f36\" data-element_type=\"container\" data-e-type=\"container\" data-settings=\"{&quot;background_background&quot;:&quot;classic&quot;}\">\n\t\t\t\t<div class=\"elementor-element elementor-element-c4239a4 elementor-widget elementor-widget-spacer\" data-id=\"c4239a4\" data-element_type=\"widget\" data-e-type=\"widget\" data-widget_type=\"spacer.default\">\n\t\t\t\t<div class=\"elementor-widget-container\">\n\t\t\t\t\t\t\t<div class=\"elementor-spacer\">\n\t\t\t<div class=\"elementor-spacer-inner\"><\/div>\n\t\t<\/div>\n\t\t\t\t\t\t<\/div>\n\t\t\t\t<\/div>\n\t\t\t\t<div class=\"elementor-element elementor-element-1995fe9 elementor-widget elementor-widget-heading\" data-id=\"1995fe9\" data-element_type=\"widget\" data-e-type=\"widget\" data-widget_type=\"heading.default\">\n\t\t\t\t<div class=\"elementor-widget-container\">\n\t\t\t\t\t<h3 class=\"elementor-heading-title elementor-size-default\">Sostenibilidad<\/h3>\t\t\t\t<\/div>\n\t\t\t\t<\/div>\n\t\t\t\t<div class=\"elementor-element elementor-element-e52a827 elementor-widget-divider--view-line elementor-widget elementor-widget-divider\" data-id=\"e52a827\" data-element_type=\"widget\" data-e-type=\"widget\" data-widget_type=\"divider.default\">\n\t\t\t\t<div class=\"elementor-widget-container\">\n\t\t\t\t\t\t\t<div class=\"elementor-divider\">\n\t\t\t<span class=\"elementor-divider-separator\">\n\t\t\t\t\t\t<\/span>\n\t\t<\/div>\n\t\t\t\t\t\t<\/div>\n\t\t\t\t<\/div>\n\t\t\t\t<div class=\"elementor-element elementor-element-f99dc40 elementor-widget elementor-widget-text-editor\" data-id=\"f99dc40\" data-element_type=\"widget\" data-e-type=\"widget\" data-widget_type=\"text-editor.default\">\n\t\t\t\t<div class=\"elementor-widget-container\">\n\t\t\t\t\t\t\t\t\t<p class=\"p1\">Cuidamos el entorno natural y promovemos pr\u00e1cticas responsables que respetan el r\u00edo, las monta\u00f1as y la biodiversidad de San Rafael<\/p>\t\t\t\t\t\t\t\t<\/div>\n\t\t\t\t<\/div>\n\t\t\t\t<\/div>\n\t\t<div class=\"elementor-element elementor-element-731fd6e e-con-full e-flex e-con e-child\" data-id=\"731fd6e\" data-element_type=\"container\" data-e-type=\"container\" data-settings=\"{&quot;background_background&quot;:&quot;classic&quot;}\">\n\t\t\t\t<div class=\"elementor-element elementor-element-d1573ab elementor-widget elementor-widget-spacer\" data-id=\"d1573ab\" data-element_type=\"widget\" data-e-type=\"widget\" data-widget_type=\"spacer.default\">\n\t\t\t\t<div class=\"elementor-widget-container\">\n\t\t\t\t\t\t\t<div class=\"elementor-spacer\">\n\t\t\t<div class=\"elementor-spacer-inner\"><\/div>\n\t\t<\/div>\n\t\t\t\t\t\t<\/div>\n\t\t\t\t<\/div>\n\t\t\t\t<div class=\"elementor-element elementor-element-7069b1a elementor-widget elementor-widget-heading\" data-id=\"7069b1a\" data-element_type=\"widget\" data-e-type=\"widget\" data-widget_type=\"heading.default\">\n\t\t\t\t<div class=\"elementor-widget-container\">\n\t\t\t\t\t<h3 class=\"elementor-heading-title elementor-size-default\">Hospitalidad<\/h3>\t\t\t\t<\/div>\n\t\t\t\t<\/div>\n\t\t\t\t<div class=\"elementor-element elementor-element-712115a elementor-widget-divider--view-line elementor-widget elementor-widget-divider\" data-id=\"712115a\" data-element_type=\"widget\" data-e-type=\"widget\" data-widget_type=\"divider.default\">\n\t\t\t\t<div class=\"elementor-widget-container\">\n\t\t\t\t\t\t\t<div class=\"elementor-divider\">\n\t\t\t<span class=\"elementor-divider-separator\">\n\t\t\t\t\t\t<\/span>\n\t\t<\/div>\n\t\t\t\t\t\t<\/div>\n\t\t\t\t<\/div>\n\t\t\t\t<div class=\"elementor-element elementor-element-e650abc elementor-widget elementor-widget-text-editor\" data-id=\"e650abc\" data-element_type=\"widget\" data-e-type=\"widget\" data-widget_type=\"text-editor.default\">\n\t\t\t\t<div class=\"elementor-widget-container\">\n\t\t\t\t\t\t\t\t\t<p class=\"p1\">Recibimos a cada hu\u00e9sped con cercan\u00eda y calidez, creando una experiencia que se siente como en casa<\/p>\t\t\t\t\t\t\t\t<\/div>\n\t\t\t\t<\/div>\n\t\t\t\t<\/div>\n\t\t<div class=\"elementor-element elementor-element-3740688 e-con-full e-flex e-con e-child\" data-id=\"3740688\" data-element_type=\"container\" data-e-type=\"container\" data-settings=\"{&quot;background_background&quot;:&quot;classic&quot;}\">\n\t\t\t\t<div class=\"elementor-element elementor-element-300bab2 elementor-widget elementor-widget-spacer\" data-id=\"300bab2\" data-element_type=\"widget\" data-e-type=\"widget\" data-widget_type=\"spacer.default\">\n\t\t\t\t<div class=\"elementor-widget-container\">\n\t\t\t\t\t\t\t<div class=\"elementor-spacer\">\n\t\t\t<div class=\"elementor-spacer-inner\"><\/div>\n\t\t<\/div>\n\t\t\t\t\t\t<\/div>\n\t\t\t\t<\/div>\n\t\t\t\t<div class=\"elementor-element elementor-element-39095c7 elementor-widget elementor-widget-heading\" data-id=\"39095c7\" data-element_type=\"widget\" data-e-type=\"widget\" data-widget_type=\"heading.default\">\n\t\t\t\t<div class=\"elementor-widget-container\">\n\t\t\t\t\t<h3 class=\"elementor-heading-title elementor-size-default\">Autenticidad<\/h3>\t\t\t\t<\/div>\n\t\t\t\t<\/div>\n\t\t\t\t<div class=\"elementor-element elementor-element-be4e396 elementor-widget-divider--view-line elementor-widget elementor-widget-divider\" data-id=\"be4e396\" data-element_type=\"widget\" data-e-type=\"widget\" data-widget_type=\"divider.default\">\n\t\t\t\t<div class=\"elementor-widget-container\">\n\t\t\t\t\t\t\t<div class=\"elementor-divider\">\n\t\t\t<span class=\"elementor-divider-separator\">\n\t\t\t\t\t\t<\/span>\n\t\t<\/div>\n\t\t\t\t\t\t<\/div>\n\t\t\t\t<\/div>\n\t\t\t\t<div class=\"elementor-element elementor-element-fc0a10f elementor-widget elementor-widget-text-editor\" data-id=\"fc0a10f\" data-element_type=\"widget\" data-e-type=\"widget\" data-widget_type=\"text-editor.default\">\n\t\t\t\t<div class=\"elementor-widget-container\">\n\t\t\t\t\t\t\t\t\t<p class=\"p1\">Ofrecemos vivencias reales que reflejan la cultura local, la tradici\u00f3n y la esencia de nuestra tierra<\/p>\t\t\t\t\t\t\t\t<\/div>\n\t\t\t\t<\/div>\n\t\t\t\t<\/div>\n\t\t\t\t\t<\/div>\n\t\t\t\t<\/div>\n\t\t\t\t<\/div>","protected":false},"excerpt":{"rendered":"<p>Conoce la esencia de R?o de Oro En San Rafael, rodeado de monta?as verdes y aguas cristalinas, el Ecohotel R?o de Oro te invita a desconectarte del ruido y reconectarte con lo esencial: la naturaleza, el descanso y la tranquilidad Misi?n Brindar experiencias de hospedaje sostenible que conecten a nuestros hu?spedes con la naturaleza de [&hellip;]<\/p>\n","protected":false},"author":1,"featured_media":0,"parent":0,"menu_order":0,"comment_status":"closed","ping_status":"closed","template":"","meta":{"footnotes":""},"class_list":["post-771","page","type-page","status-publish","hentry"],"acf":[],"_links":{"self":[{"href":"https:\/\/ecohotelriodeoro.com\/en\/wp-json\/wp\/v2\/pages\/771","targetHints":{"allow":["GET"]}}],"collection":[{"href":"https:\/\/ecohotelriodeoro.com\/en\/wp-json\/wp\/v2\/pages"}],"about":[{"href":"https:\/\/ecohotelriodeoro.com\/en\/wp-json\/wp\/v2\/types\/page"}],"author":[{"embeddable":true,"href":"https:\/\/ecohotelriodeoro.com\/en\/wp-json\/wp\/v2\/users\/1"}],"replies":[{"embeddable":true,"href":"https:\/\/ecohotelriodeoro.com\/en\/wp-json\/wp\/v2\/comments?post=771"}],"version-history":[{"count":0,"href":"https:\/\/ecohotelriodeoro.com\/en\/wp-json\/wp\/v2\/pages\/771\/revisions"}],"wp:attachment":[{"href":"https:\/\/ecohotelriodeoro.com\/en\/wp-json\/wp\/v2\/media?parent=771"}],"curies":[{"name":"wp","href":"https:\/\/api.w.org\/{rel}","templated":true}]}}